{"id":239,"date":"2014-04-14T13:07:24","date_gmt":"2014-04-14T13:07:24","guid":{"rendered":"http:\/\/dev.cigue.net\/en\/?page_id=239"},"modified":"2018-08-01T15:19:39","modified_gmt":"2018-08-01T15:19:39","slug":"contact","status":"publish","type":"page","link":"https:\/\/cigue.net\/fr\/studio\/recrutement\/","title":{"rendered":"Recrutement"},"content":{"rendered":"<p><\/p>\n<h3><\/h3>\n<h3>TRAVAILLER CHEZ cigu\u00eb<\/h3>\n<p>Cigu\u00eb est toujours \u00e0 la recherche de nouveaux talents. Nous recevrons avec plaisir votre portfolio m\u00eame si nous ne recrutons pas au moment o\u00f9 vous envoyez votre candidature.\u00a0Nous appr\u00e9cierons chez vous votre grand sens de l\u2019observation, votre regard aiguis\u00e9 et vos mains habiles. Une bonne connaissance des mat\u00e9riaux, de la construction et des techniques d\u2019assemblage constituera un s\u00e9rieux atout suppl\u00e9mentaire.<\/p>\n<p>Les candidatures doivent inclure une courte lettre de motivation, un CV d\u00e9taill\u00e9 et un portfolio au format PDF (10 Mo maximum). N\u2019h\u00e9sitez pas \u00e0 ajouter tout autre \u00e9l\u00e9ment non conventionnel susceptible de nous aider \u00e0 mieux comprendre vos comp\u00e9tences, votre \u00e9tat d\u2019esprit et votre sensibilit\u00e9.<\/p>\n<p>Nous recommandons aux candidats\u00a0venant de l\u2019\u00e9tranger de ma\u00eetriser un minimum le fran\u00e7ais \u00e0 l\u2019oral. Une grande partie de nos projets \u00e9tant internationaux, nous conseillons \u00e9galement\u00a0d\u2019avoir une tr\u00e8s bonne ma\u00eetrise de l\u2019anglais, lu, \u00e9crit et parl\u00e9.<\/p>\n<p>S.V.P.\u00a0: pas de t\u00e9l\u00e9chargements, fichiers zip, portfolios en ligne, d\u2019appels ou de \u00ab\u00a0visites surprises \u00bb.<\/p>\n<p>&nbsp;<\/p>\n<p><a href=\"mailto:jobs@cigue.net\">jobs@cigue.net<\/a>\u00a0\u00a0 &#8211; \u00a0\u00a0<a href=\"mailto:internship@cigue.net\">internship@cigue.net<\/a><\/p>\n<p>&nbsp;<\/p>\n<p>Si vous pr\u00e9f\u00e9rez nous faire parvenir votre portfolio en version papier, merci de l\u2019envoyer \u00e0 notre adresse postale. Veuillez noter qu\u2019aucun des documents fournis ne sera retourn\u00e9, et que seuls les portfolios sous forme imprim\u00e9e seront pris en consid\u00e9ration (pas de CD, DVD ou cl\u00e9s USB).<\/p>\n<p>Enfin, sachez qu\u2019il peut nous falloir un certain temps pour \u00e9tudier les candidatures et vous faire part de notre r\u00e9ponse. Merci de votre patience\u00a0!<\/p>\n<p>&nbsp;<\/p>\n<h3><\/h3>\n<p><\/p>","protected":false},"excerpt":{"rendered":"<p>TRAVAILLER CHEZ cigu\u00eb Cigu\u00eb est toujours \u00e0 la recherche de nouveaux talents. Nous recevrons avec plaisir votre portfolio m\u00eame si nous ne recrutons pas au moment o\u00f9 vous envoyez votre candidature.\u00a0Nous appr\u00e9cierons chez vous votre grand sens de l\u2019observation, votre regard aiguis\u00e9 et vos mains habiles. Une bonne connaissance des mat\u00e9riaux, de la construction et [&hellip;]<\/p>\n","protected":false},"author":3,"featured_media":0,"parent":235,"menu_order":2,"comment_status":"closed","ping_status":"closed","template":"tpl-info-gallery.php","meta":{"footnotes":""},"class_list":["post-239","page","type-page","status-publish","hentry"],"_links":{"self":[{"href":"https:\/\/cigue.net\/fr\/wp-json\/wp\/v2\/pages\/239","targetHints":{"allow":["GET"]}}],"collection":[{"href":"https:\/\/cigue.net\/fr\/wp-json\/wp\/v2\/pages"}],"about":[{"href":"https:\/\/cigue.net\/fr\/wp-json\/wp\/v2\/types\/page"}],"author":[{"embeddable":true,"href":"https:\/\/cigue.net\/fr\/wp-json\/wp\/v2\/users\/3"}],"replies":[{"embeddable":true,"href":"https:\/\/cigue.net\/fr\/wp-json\/wp\/v2\/comments?post=239"}],"version-history":[{"count":51,"href":"https:\/\/cigue.net\/fr\/wp-json\/wp\/v2\/pages\/239\/revisions"}],"predecessor-version":[{"id":2599,"href":"https:\/\/cigue.net\/fr\/wp-json\/wp\/v2\/pages\/239\/revisions\/2599"}],"up":[{"embeddable":true,"href":"https:\/\/cigue.net\/fr\/wp-json\/wp\/v2\/pages\/235"}],"wp:attachment":[{"href":"https:\/\/cigue.net\/fr\/wp-json\/wp\/v2\/media?parent=239"}],"curies":[{"name":"wp","href":"https:\/\/api.w.org\/{rel}","templated":true}]}}